{"id":4466,"date":"2024-02-08T20:23:04","date_gmt":"2024-02-09T02:23:04","guid":{"rendered":"https:\/\/justiceschool524.com\/?page_id=4466"},"modified":"2026-01-20T11:45:27","modified_gmt":"2026-01-20T17:45:27","slug":"inner-healing","status":"publish","type":"page","link":"https:\/\/justiceschool524.com\/es\/inner-healing\/","title":{"rendered":"Introducci\u00f3n a la Sanidad Interior"},"content":{"rendered":"<div class=\"wp-block-group alignfull is-style-default is-layout-constrained wp-block-group-is-layout-constrained\" style=\"margin-top:0;padding-top:var(--wp--preset--spacing--xxl)\">\n<h1 class=\"wp-block-heading alignwide wp-block-heading\" style=\"padding-top:var(--wp--preset--spacing--xxl);padding-bottom:var(--wp--preset--spacing--xs);font-size:1.6em;font-style:normal;font-weight:800;text-transform:uppercase;\" id=\"introduction-to-inner-healing-f09f998f\">Introducci\u00f3n a la Sanidad Interior \ud83d\ude4f<\/h1>\n\n\n<div class=\"wp-block-group alignwide is-layout-flex wp-block-group-is-layout-flex\" style=\"margin-top:0;margin-bottom:0\">\n<p class=\"wp-block-paragraph\">2 \u2013 26 de Marzo, 2026<\/p>\n\n\n<p class=\"wp-block-paragraph\">&#127760; <strong>En L\u00ednea (Con clases en vivo por Zoom)<\/strong><\/p>\n<\/div>\n\n\n<div class=\"wp-block-group alignfull is-style-default is-layout-constrained wp-block-group-is-layout-constrained\" style=\"margin-top:0;padding-bottom:0\">\n<div class=\"wp-block-group alignwide is-layout-constrained wp-container-core-group-is-layout-254f1302 wp-block-group-is-layout-constrained has-position-relative has-z-index\" style=\"padding-top:0;padding-right:0;padding-bottom:0;padding-left:0;--z-index:1;\">\n<div class=\"wp-block-group has-background-color has-foreground-background-color has-text-color has-background is-nowrap is-layout-flex wp-container-core-group-is-layout-ecba6b92 wp-block-group-is-layout-flex has-position-absolute has-top has-right has-bottom has-left has-z-index\" style=\"border-style:none;border-width:0px;border-radius:99px;margin-top:0;margin-bottom:0;--top:-80px;--top-mobile:-40px;--right:80px;--right-mobile:40px;--z-index:2;\">\n<div class=\"wp-block-buttons is-content-justification-center is-layout-flex wp-container-core-buttons-is-layout-a89b3969 wp-block-buttons-is-layout-flex has-position-absolute has-top has-right has-bottom has-left has-z-index\" style=\"--top:0px;--top-mobile:0px;--right:0px;--right-mobile:0px;--bottom:0px;--bottom-mobile:0px;--left:0px;--left-mobile:0px;--z-index:2;\">\n<div class=\"wp-block-button\" style=\"border-style:none;border-width:0px\"><a class=\"wp-block-button__link has-custom-font-size wp-element-button\" href=\"#\" style=\"border-style:none;border-width:0px;padding-top:var(--wp--preset--spacing--sm);padding-right:var(--wp--preset--spacing--sm);padding-bottom:var(--wp--preset--spacing--sm);padding-left:var(--wp--preset--spacing--sm);font-size:42px;font-style:normal;font-weight:300;line-height:1\">\u2193<\/a><\/div>\n<\/div>\n\n\n<p class=\"wp-block-paragraph is-style-curved-text has-animation has-position-relative has-top has-right has-bottom has-left has-z-index\" style=\"border-radius:99px;padding-top:0;padding-right:0;padding-bottom:0;padding-left:0;font-size:15px;font-style:normal;font-weight:500;letter-spacing:0.15em;text-transform:uppercase;animation-iteration-count:infinite;animation-name:spin;animation-duration:50s;--top:0px;--top-mobile:0px;--right:0px;--right-mobile:0px;--bottom:0px;--bottom-mobile:0px;--left:0px;--left-mobile:0px;--z-index:1;\"><svg viewbox=\"0 0 160 160\" xmlns=\"http:\/\/www.w3.org\/2000\/svg\" enable-background=\"new 0 0 160 160\" xml:space=\"preserve\" width=\"160\" height=\"160\" contenteditable=\"false\" x=\"0\" y=\"0\"><path id=\"circle-1682149812086.0608\" d=\"M 80, 80 m -57, 0 a 57,57 0 0,1 114,0 a 57,57 0 0,1 -114,0\" fill=\"transparent\"> <\/path><text fill=\"currentColor\"><textpath xlink:href=\"#circle-1682149812086.0608\">Empezar \u2726 Empezar \u2726 <\/textpath><\/text><\/svg><\/p>\n<\/div>\n\n\n<div class=\"wp-block-cover alignfull has-position-relative\" style=\"border-top-left-radius:33px;border-top-right-radius:33px;border-bottom-left-radius:0px;border-bottom-right-radius:0px;margin-top:var(--wp--preset--spacing--xxl);min-height:420px;aspect-ratio:unset;\">\n<img loading=\"lazy\" decoding=\"async\" width=\"1989\" height=\"1326\" class=\"wp-block-cover__image-background wp-image-1291\" alt=\"\" src=\"https:\/\/justiceschool524.com\/wp-content\/uploads\/2021\/05\/IMG_8451.jpg\" data-object-fit=\"cover\" srcset=\"https:\/\/justiceschool524.com\/wp-content\/uploads\/2021\/05\/IMG_8451.jpg 1989w, https:\/\/justiceschool524.com\/wp-content\/uploads\/2021\/05\/IMG_8451-300x200.jpg 300w, https:\/\/justiceschool524.com\/wp-content\/uploads\/2021\/05\/IMG_8451-1024x683.jpg 1024w, https:\/\/justiceschool524.com\/wp-content\/uploads\/2021\/05\/IMG_8451-768x512.jpg 768w, https:\/\/justiceschool524.com\/wp-content\/uploads\/2021\/05\/IMG_8451-1536x1024.jpg 1536w, https:\/\/justiceschool524.com\/wp-content\/uploads\/2021\/05\/IMG_8451-1024x683-765x510.jpg 765w, https:\/\/justiceschool524.com\/wp-content\/uploads\/2021\/05\/IMG_8451-1024x683-614x409.jpg 614w\" sizes=\"auto, (max-width: 1989px) 100vw, 1989px\" \/><span aria-hidden=\"true\" class=\"wp-block-cover__background has-background-dim-0 has-background-dim\"><\/span><div class=\"wp-block-cover__inner-container is-layout-flow wp-block-cover-is-layout-flow\">\n<p class=\"wp-block-paragraph aligncenter has-text-align-center aligncenter\" style=\"margin-top:0;margin-right:0;margin-bottom:0;margin-left:0\"><\/p>\n<\/div>\n<\/div>\n<\/div>\n<\/div>\n<\/div>\n\n\n<div class=\"wp-block-group is-layout-constrained wp-block-group-is-layout-constrained\" style=\"padding-top:var(--wp--preset--spacing--xxl);padding-bottom:var(--wp--preset--spacing--xxl)\">\n<p class=\"wp-block-paragraph\">Introducci\u00f3n a la Sanidad Interior es un curso en l\u00ednea biling\u00fce de 4 semanas en el que Janice Yu ofrece una visi\u00f3n integral de la sanidad interior, sus aplicaciones, junto con una demostraci\u00f3n en vivo de c\u00f3mo llevar a cabo una sesi\u00f3n de sanidad interior.&nbsp;<\/p>\n\n\n<h5 class=\"wp-block-heading alignleft wp-block-heading\" style=\"text-transform:uppercase;\" id=\"dates\"><strong>Fechas:<\/strong><\/h5>\n\n\n<p class=\"wp-block-paragraph\"><strong>March 2nd &#8211; March 26th, 2026<\/strong><\/p>\n\n\n<h5 class=\"wp-block-heading alignleft wp-block-heading\" style=\"text-transform:uppercase;\" id=\"price\"><strong>Precio:<\/strong><\/h5>\n\n\n<p class=\"wp-block-paragraph\"><strong>$200<\/strong> USD \/ <strong>$<\/strong>2,600 Mexican Pesos (Latin America) &#8211; includes classes and materials<\/p>\n\n\n\n<div style=\"height:40px\" aria-hidden=\"true\" class=\"wp-block-spacer\"><\/div>\n\n\n\n<figure class=\"wp-block-embed is-type-video is-provider-youtube wp-block-embed-youtube wp-embed-aspect-16-9 wp-has-aspect-ratio\"><div class=\"wp-block-embed__wrapper\">\n<iframe loading=\"lazy\" title=\"Introducci\u00f3n a la Sanidad Interior\" width=\"500\" height=\"281\" src=\"https:\/\/www.youtube.com\/embed\/Gg4q6ikPW-Q?feature=oembed\" frameborder=\"0\" allow=\"accelerometer; autoplay; clipboard-write; encrypted-media; gyroscope; picture-in-picture; web-share\" referrerpolicy=\"strict-origin-when-cross-origin\" allowfullscreen><\/iframe>\n<\/div><\/figure>\n<\/div>\n\n\n<div class=\"wp-block-group is-layout-constrained wp-block-group-is-layout-constrained\">\n<h5 class=\"wp-block-heading wp-block-heading\" style=\"text-transform:uppercase;\" id=\"what-is-prophetic-inner-healing\">\u00bfQu\u00e9 es la Sanidad Interior Prof\u00e9tica?<\/h5>\n\n\n<p class=\"wp-block-paragraph\">El ministerio de sanidad interior se dedica a equipar y conectar a las personas para que tengan intimidad con Dios y experimenten Su amor, sanaci\u00f3n, libertad y Su vida abundante a trav\u00e9s del poder de la oraci\u00f3n. Podemos experimentar diversas distorsiones como resultado del pecado, el abuso y los traumas en nuestras vidas. La sanaci\u00f3n interior busca sanar experiencias pasadas y traer la perspectiva de Dios en las \u00e1reas de c\u00f3mo vemos a Dios, a nosotros mismos y c\u00f3mo vemos y nos relacionamos con los dem\u00e1s. La esperanza es ver m\u00e1s y m\u00e1s personas sanadas y liberadas para disfrutar de todo lo que Dios quer\u00eda para cada individuo.&nbsp;<\/p>\n\n\n<p class=\"wp-block-paragraph\">El modelo prof\u00e9tico de sanidad interior proporciona t\u00e9cnicas y herramientas bajo la gu\u00eda de la revelaci\u00f3n del Esp\u00edritu Santo para profundizar en las ra\u00edces de nuestro dolor y quebrantamiento, como el pecado, el abuso, el trauma y las relaciones poco saludables, trae correcci\u00f3n a las distorsiones y elimina la influencia demon\u00edaca para traer sanidad, libertad y nuevas bendiciones en todos los niveles de nuestro ser:  espiritual, psicol\u00f3gico, emocional y f\u00edsico. Rescata el permiso, la capacidad y los derechos que el enemigo ha robado, lo que te permite vivir la vida abundante que Dios ha prometido.<\/p>\n<\/div>\n\n\n<div class=\"wp-block-group is-layout-constrained wp-block-group-is-layout-constrained\" style=\"padding-top:var(--wp--preset--spacing--xxl);padding-bottom:var(--wp--preset--spacing--xxl)\">\n<h5 class=\"wp-block-heading wp-block-heading\" style=\"text-transform:uppercase;\" id=\"what-is-included-in-this-coursec2a0\">\u00bfQu\u00e9 incluye este curso?&nbsp;<\/h5>\n\n\n<p class=\"wp-block-paragraph\">Los temas cubiertos en este curso incluyen: Identidad, Autoridad, Entendiendo la Voz de Dios, Perd\u00f3n, Percepci\u00f3n de Dios, Pecado Generacional, Maldiciones y Ocultismo, Limpieza Espiritual, Lazos del Alma, Protocolo\/Etiqueta de Oraci\u00f3n, Sanidad de Recuerdos, Victimolog\u00eda, Traumatolog\u00eda, Abuso Sexual, Verg\u00fcenza T\u00f3xica, Profec\u00eda, as\u00ed como una demostraci\u00f3n en vivo de c\u00f3mo llevar a cabo una sesi\u00f3n de sanidad interior.&nbsp;<\/p>\n\n\n<p class=\"wp-block-paragraph\">Encontrar\u00e1s todo este contenido y m\u00e1s en las clases pregrabadas que podr\u00e1s ver a tu propio ritmo. Adem\u00e1s, tendremos una clase en vivo por Zoon todos los jueves a las 7:00 p.\u202fm. (sujeto a cambios) hora Ciudad de M\u00e9xico. La clase en vivo te ayudar\u00e1 a profundizar en los temas de cada semana, ya sea procesando con todo el grupo o en grupos m\u00e1s peque\u00f1os. Durante la semana, siempre podr\u00e1s comunicarte con el equipo de Justice School.<\/p>\n<\/div>\n\n\n<div class=\"wp-block-group is-layout-constrained wp-block-group-is-layout-constrained\">\n<h5 class=\"wp-block-heading wp-block-heading\" style=\"text-transform:uppercase;\" id=\"who-is-this-course-for\">\u00bfA qui\u00e9n va dirigido este curso?<\/h5>\n\n\n<p class=\"wp-block-paragraph\">Esta clase es perfecta para cualquier persona que quiera aprender m\u00e1s sobre la sanidad interior y sus aplicaciones dentro de su organizaci\u00f3n o en su vida personal. La sanidad interior es fundamental para la obra de justicia del reino y beneficia no solo a los beneficiarios, sino tambi\u00e9n a los que trabajan al frente. Si has estado buscando formas de sanar traumas pasados y vivir la vida abundante que Dios quiere darnos o si quieres ayudar a otros a sanar sus dolores pasados, \u00a1este curso es para ti!<\/p>\n<\/div>\n\n\n\n<div class=\"wp-block-uagb-marketing-button uagb-marketing-btn__align-center uagb-marketing-btn__align-text-center uagb-marketing-btn__icon-after uagb-block-ea5ad16a wp-block-button\"><a href=\"https:\/\/justiceschool524.com\/es\/apply\/inner-healing\/\" class=\"uagb-marketing-btn__link wp-block-button__link\" target=\"\" rel=\"noopener noreferrer\"><span class=\"uagb-marketing-btn__title\">Aplica hoy<\/span><p class=\"uagb-marketing-btn__prefix\">Introducci\u00f3n a la Sanidad Interior<\/p><\/a><\/div>\n\n\n\n<div style=\"height:100px\" aria-hidden=\"true\" class=\"wp-block-spacer\"><\/div>","protected":false},"excerpt":{"rendered":"<p>Introduction to inner healing &#128591; March 2nd &ndash; March 26th, 2026 &#127760; Online (Live Classes via Zoom) Get Started &#10022; Get Started &#10022; Introduction to Inner Healing is a bilingual 4 week long online course in which Janice Yu gives a comprehensive look at inner healing, its applications, along with a live demonstration of how &hellip;<\/p>","protected":false},"author":96,"featured_media":0,"parent":0,"menu_order":0,"comment_status":"closed","ping_status":"closed","template":"full-width","meta":{"_uag_custom_page_level_css":"","footnotes":""},"class_list":["post-4466","page","type-page","status-publish","hentry"],"aioseo_notices":[],"spectra_custom_meta":{"_edit_last":["270"],"_wp_page_template":["full-width"],"_edit_lock":["1768931128:270"],"_aioseo_title":[null],"_aioseo_description":[null],"_aioseo_keywords":["a:0:{}"],"_aioseo_og_title":[""],"_aioseo_og_description":[""],"_aioseo_og_article_section":[""],"_aioseo_og_article_tags":["a:0:{}"],"_aioseo_twitter_title":[""],"_aioseo_twitter_description":[""],"_oembed_bb37b492c864d7084918c80e7aef95b1":["<iframe title=\"Introduction to Inner Healing\" width=\"500\" height=\"281\" src=\"https:\/\/www.youtube.com\/embed\/Gg4q6ikPW-Q?feature=oembed\" frameborder=\"0\" allow=\"accelerometer; autoplay; clipboard-write; encrypted-media; gyroscope; picture-in-picture; web-share\" allowfullscreen><\/iframe>"],"_oembed_time_bb37b492c864d7084918c80e7aef95b1":["1708379048"],"_oembed_680ef6626ca75da72207558b1ce05b3b":["<iframe title=\"Introduction to Inner Healing\" width=\"500\" height=\"281\" src=\"https:\/\/www.youtube.com\/embed\/Gg4q6ikPW-Q?feature=oembed\" frameborder=\"0\" allow=\"accelerometer; autoplay; clipboard-write; encrypted-media; gyroscope; picture-in-picture; web-share\" referrerpolicy=\"strict-origin-when-cross-origin\" allowfullscreen><\/iframe>"],"_oembed_time_680ef6626ca75da72207558b1ce05b3b":["1768931117"],"_uag_css_file_name":["uag-css-4466.css"],"_uagb_previous_block_counts":["a:90:{s:21:\"uagb\/advanced-heading\";i:0;s:15:\"uagb\/blockquote\";i:0;s:12:\"uagb\/buttons\";i:0;s:18:\"uagb\/buttons-child\";i:0;s:19:\"uagb\/call-to-action\";i:0;s:15:\"uagb\/cf7-styler\";i:0;s:11:\"uagb\/column\";i:0;s:12:\"uagb\/columns\";i:0;s:14:\"uagb\/container\";i:0;s:21:\"uagb\/content-timeline\";i:0;s:27:\"uagb\/content-timeline-child\";i:0;s:14:\"uagb\/countdown\";i:0;s:12:\"uagb\/counter\";i:0;s:8:\"uagb\/faq\";i:0;s:14:\"uagb\/faq-child\";i:0;s:10:\"uagb\/forms\";i:0;s:17:\"uagb\/forms-accept\";i:0;s:19:\"uagb\/forms-checkbox\";i:0;s:15:\"uagb\/forms-date\";i:0;s:16:\"uagb\/forms-email\";i:0;s:17:\"uagb\/forms-hidden\";i:0;s:15:\"uagb\/forms-name\";i:0;s:16:\"uagb\/forms-phone\";i:0;s:16:\"uagb\/forms-radio\";i:0;s:17:\"uagb\/forms-select\";i:0;s:19:\"uagb\/forms-textarea\";i:0;s:17:\"uagb\/forms-toggle\";i:0;s:14:\"uagb\/forms-url\";i:0;s:14:\"uagb\/gf-styler\";i:0;s:15:\"uagb\/google-map\";i:0;s:11:\"uagb\/how-to\";i:0;s:16:\"uagb\/how-to-step\";i:0;s:9:\"uagb\/icon\";i:0;s:14:\"uagb\/icon-list\";i:0;s:20:\"uagb\/icon-list-child\";i:0;s:10:\"uagb\/image\";i:0;s:18:\"uagb\/image-gallery\";i:0;s:13:\"uagb\/info-box\";i:0;s:18:\"uagb\/inline-notice\";i:0;s:11:\"uagb\/lottie\";i:0;s:21:\"uagb\/marketing-button\";i:1;s:10:\"uagb\/modal\";i:0;s:18:\"uagb\/popup-builder\";i:0;s:16:\"uagb\/post-button\";i:0;s:18:\"uagb\/post-carousel\";i:0;s:17:\"uagb\/post-excerpt\";i:0;s:14:\"uagb\/post-grid\";i:0;s:15:\"uagb\/post-image\";i:0;s:17:\"uagb\/post-masonry\";i:0;s:14:\"uagb\/post-meta\";i:0;s:18:\"uagb\/post-taxonomy\";i:0;s:18:\"uagb\/post-timeline\";i:0;s:15:\"uagb\/post-title\";i:0;s:20:\"uagb\/restaurant-menu\";i:0;s:26:\"uagb\/restaurant-menu-child\";i:0;s:11:\"uagb\/review\";i:0;s:12:\"uagb\/section\";i:0;s:14:\"uagb\/separator\";i:0;s:11:\"uagb\/slider\";i:0;s:17:\"uagb\/slider-child\";i:0;s:17:\"uagb\/social-share\";i:0;s:23:\"uagb\/social-share-child\";i:0;s:16:\"uagb\/star-rating\";i:0;s:23:\"uagb\/sure-cart-checkout\";i:0;s:22:\"uagb\/sure-cart-product\";i:0;s:15:\"uagb\/sure-forms\";i:0;s:22:\"uagb\/table-of-contents\";i:0;s:9:\"uagb\/tabs\";i:0;s:15:\"uagb\/tabs-child\";i:0;s:18:\"uagb\/taxonomy-list\";i:0;s:9:\"uagb\/team\";i:0;s:16:\"uagb\/testimonial\";i:0;s:14:\"uagb\/wp-search\";i:0;s:19:\"uagb\/instagram-feed\";i:0;s:10:\"uagb\/login\";i:0;s:17:\"uagb\/loop-builder\";i:0;s:18:\"uagb\/loop-category\";i:0;s:20:\"uagb\/loop-pagination\";i:0;s:15:\"uagb\/loop-reset\";i:0;s:16:\"uagb\/loop-search\";i:0;s:14:\"uagb\/loop-sort\";i:0;s:17:\"uagb\/loop-wrapper\";i:0;s:13:\"uagb\/register\";i:0;s:19:\"uagb\/register-email\";i:0;s:24:\"uagb\/register-first-name\";i:0;s:23:\"uagb\/register-last-name\";i:0;s:22:\"uagb\/register-password\";i:0;s:30:\"uagb\/register-reenter-password\";i:0;s:19:\"uagb\/register-terms\";i:0;s:22:\"uagb\/register-username\";i:0;}"],"_uagb_last_spectra_edit":["1776754385"],"_uag_page_assets":["a:9:{s:3:\"css\";s:5795:\".uag-blocks-common-selector{z-index:var(--z-index-desktop) !important}@media(max-width: 976px){.uag-blocks-common-selector{z-index:var(--z-index-tablet) !important}}@media(max-width: 767px){.uag-blocks-common-selector{z-index:var(--z-index-mobile) !important}}.wp-block-uagb-marketing-button{display:-webkit-box;display:-ms-flexbox;display:flex}.wp-block-uagb-marketing-button p:empty{display:none}.wp-block-uagb-marketing-button .uagb-marketing-btn__title,.wp-block-uagb-marketing-button p.uagb-marketing-btn__prefix{margin-bottom:0}.wp-block-uagb-marketing-button .uagb-marketing-btn__link{z-index:1;display:inline-block;position:relative;-webkit-transition:all .2s;-o-transition:all .2s;transition:all .2s}.wp-block-uagb-marketing-button .uagb-marketing-btn__link.wp-block-button__link{width:auto}.wp-block-uagb-marketing-button svg{fill:currentColor;width:20px;height:20px;z-index:1;vertical-align:middle}.wp-block-uagb-marketing-button .uagb-marketing-btn__title,.wp-block-uagb-marketing-button svg{display:inline;vertical-align:middle}.wp-block-uagb-marketing-button.uagb-marketing-btn__align-center,.wp-block-uagb-marketing-button.uagb-marketing-btn__align-text-center .uagb-marketing-btn__title-wrap,.wp-block-uagb-marketing-button.uagb-marketing-btn__align-text-center .uagb-marketing-btn__link{-webkit-box-pack:center;-ms-flex-pack:center;justify-content:center;text-align:center}.wp-block-uagb-marketing-button.uagb-marketing-btn__align-left,.wp-block-uagb-marketing-button.uagb-marketing-btn__align-text-left .uagb-marketing-btn__title-wrap,.wp-block-uagb-marketing-button.uagb-marketing-btn__align-text-left .uagb-marketing-btn__link{-webkit-box-pack:start;-ms-flex-pack:start;justify-content:flex-start;text-align:left}.wp-block-uagb-marketing-button.uagb-marketing-btn__align-right,.wp-block-uagb-marketing-button.uagb-marketing-btn__align-text-right .uagb-marketing-btn__title-wrap,.wp-block-uagb-marketing-button.uagb-marketing-btn__align-text-right .uagb-marketing-btn__link{-webkit-box-pack:end;-ms-flex-pack:end;justify-content:flex-end;text-align:right}.wp-block-uagb-marketing-button.uagb-marketing-btn__align-full .uagb-marketing-btn__link{width:100%}.wp-block-uagb-marketing-button.uagb-marketing-btn__align-text-center .uagb-marketing-btn__prefix{text-align:center}.wp-block-uagb-marketing-button.uagb-marketing-btn__align-text-left .uagb-marketing-btn__prefix{text-align:left}.wp-block-uagb-marketing-button.uagb-marketing-btn__align-text-right .uagb-marketing-btn__prefix{text-align:right}.wp-block-uagb-marketing-button.uagb-marketing-btn__icon-after svg{order:2}.wp-block-uagb-marketing-button.uagb-marketing-btn__align-full .uagb-marketing-btn__wrap{width:100%}.wp-block-uagb-marketing-button.uagb-marketing-btn__align-center .uagb-marketing-btn__wrap,.wp-block-uagb-marketing-button.uagb-marketing-btn__align-text-center .uagb-marketing-btn__title-wrap{-webkit-box-pack:center;-ms-flex-pack:center;justify-content:center}.wp-block-uagb-marketing-button .uagb-marketing-btn__title-wrap{display:-webkit-box;display:-ms-flexbox;display:flex;-webkit-box-align:self-end;-ms-flex-align:self-end;align-items:self-end}.wp-block-uagb-marketing-button.uagb-marketing-btn__icon-after .uagb-marketing-btn__icon-wrap{order:2}.entry-content .wp-block-uagb-marketing-button .uagb-marketing-btn__link{text-decoration:none;display:inline-block}.uagb-block-ea5ad16a .uagb-marketing-btn__prefix{font-size: 14px;line-height: 2em;margin-top: 4px;}.uagb-block-ea5ad16a.uagb-marketing-btn__icon-after .uagb-marketing-btn__link svg{margin-left: 12px;}.uagb-block-ea5ad16a.uagb-marketing-btn__icon-before .uagb-marketing-btn__link svg{margin-right: 12px;}.uagb-block-ea5ad16a.uagb-marketing-btn__icon-after .uagb-marketing-btn__icon-wrap svg{margin-left: 12px;}.uagb-block-ea5ad16a.uagb-marketing-btn__icon-before .uagb-marketing-btn__icon-wrap svg{margin-right: 12px;}.uagb-block-ea5ad16a .uagb-marketing-btn__title-wrap{align-items: center;}.uagb-block-ea5ad16a .uagb-marketing-btn__title-wrap .uagb-marketing-btn__icon-wrap svg{vertical-align: sub;}.uagb-block-ea5ad16a svg{width: 20px;height: 20px;}.uagb-block-ea5ad16a .uagb-marketing-btn__link.wp-block-button__link{padding-left: 150px;padding-right: 150px;padding-top: 30px;padding-bottom: 30px;border-top-width: 1px;border-left-width: 1px;border-right-width: 1px;border-bottom-width: 1px;border-color: #333;border-style: solid;}.uagb-block-ea5ad16a .uagb-marketing-btn__wrap .uagb-marketing-btn__link{padding-left: 150px;padding-right: 150px;padding-top: 30px;padding-bottom: 30px;border-top-width: 1px;border-left-width: 1px;border-right-width: 1px;border-bottom-width: 1px;border-color: #333;border-style: solid;}.uagb-block-ea5ad16a .uagb-marketing-btn__title{font-size: 20px;}@media only screen and (max-width: 976px) {.uagb-block-ea5ad16a .uagb-marketing-btn__prefix{font-size: 14px;}.uagb-block-ea5ad16a .uagb-marketing-btn__link.wp-block-button__link{border-style: solid;border-color: #333;}.uagb-block-ea5ad16a .uagb-marketing-btn__wrap .uagb-marketing-btn__link{padding-left: 20px;padding-right: 20px;padding-top: 8px;padding-bottom: 8px;border-style: solid;border-color: #333;}.uagb-block-ea5ad16a .uagb-marketing-btn__title{font-size: 20px;}}@media only screen and (max-width: 767px) {.uagb-block-ea5ad16a .uagb-marketing-btn__prefix{font-size: 14px;}.uagb-block-ea5ad16a.wp-block-uagb-marketing-button.wp-block-button .uagb-marketing-btn__link{padding-left: 20px;padding-right: 20px;padding-top: 20px;padding-bottom: 20px;border-style: solid;border-color: #333;}.uagb-block-ea5ad16a .uagb-marketing-btn__wrap .uagb-marketing-btn__link{padding-left: 20px;padding-right: 20px;padding-top: 20px;padding-bottom: 20px;border-style: solid;border-color: #333;}.uagb-block-ea5ad16a .uagb-marketing-btn__title{font-size: 20px;}}\";s:2:\"js\";s:0:\"\";s:18:\"current_block_list\";a:23:{i:0;s:10:\"core\/group\";i:1;s:12:\"core\/columns\";i:2;s:11:\"core\/column\";i:3;s:15:\"core\/site-title\";i:6;s:15:\"core\/navigation\";i:9;s:12:\"core\/buttons\";i:10;s:11:\"core\/button\";i:11;s:14:\"core\/paragraph\";i:13;s:18:\"learndash\/ld-login\";i:15;s:17:\"core\/post-content\";i:18;s:12:\"core\/heading\";i:19;s:17:\"core\/social-links\";i:20;s:16:\"core\/social-link\";i:21;s:10:\"core\/cover\";i:22;s:11:\"core\/spacer\";i:23;s:10:\"core\/embed\";i:24;s:21:\"uagb\/marketing-button\";i:25;s:11:\"core\/search\";i:26;s:17:\"core\/latest-posts\";i:27;s:20:\"core\/latest-comments\";i:28;s:13:\"core\/archives\";i:29;s:15:\"core\/categories\";i:30;s:10:\"core\/image\";}s:8:\"uag_flag\";b:1;s:11:\"uag_version\";s:10:\"1778540786\";s:6:\"gfonts\";a:0:{}s:10:\"gfonts_url\";s:0:\"\";s:12:\"gfonts_files\";a:0:{}s:14:\"uag_faq_layout\";b:0;}"]},"uagb_featured_image_src":{"full":false,"thumbnail":false,"medium":false,"medium_large":false,"large":false,"1536x1536":false,"2048x2048":false,"trp-custom-language-flag":false},"uagb_author_info":{"display_name":"Kaio Freitas","author_link":"https:\/\/justiceschool524.com\/es\/author\/kaio-freitas\/"},"uagb_comment_info":0,"uagb_excerpt":"Introduction to inner healing &#128591; March 2nd &ndash; March 26th, 2026 &#127760; Online (Live Classes via Zoom) Get Started &#10022; Get Started &#10022; Introduction to Inner Healing is a bilingual 4 week long online course in which Janice Yu gives a comprehensive look at inner healing, its applications, along with a live demonstration of how&hellip;","_links":{"self":[{"href":"https:\/\/justiceschool524.com\/es\/wp-json\/wp\/v2\/pages\/4466","targetHints":{"allow":["GET"]}}],"collection":[{"href":"https:\/\/justiceschool524.com\/es\/wp-json\/wp\/v2\/pages"}],"about":[{"href":"https:\/\/justiceschool524.com\/es\/wp-json\/wp\/v2\/types\/page"}],"author":[{"embeddable":true,"href":"https:\/\/justiceschool524.com\/es\/wp-json\/wp\/v2\/users\/96"}],"replies":[{"embeddable":true,"href":"https:\/\/justiceschool524.com\/es\/wp-json\/wp\/v2\/comments?post=4466"}],"version-history":[{"count":31,"href":"https:\/\/justiceschool524.com\/es\/wp-json\/wp\/v2\/pages\/4466\/revisions"}],"predecessor-version":[{"id":5109,"href":"https:\/\/justiceschool524.com\/es\/wp-json\/wp\/v2\/pages\/4466\/revisions\/5109"}],"wp:attachment":[{"href":"https:\/\/justiceschool524.com\/es\/wp-json\/wp\/v2\/media?parent=4466"}],"curies":[{"name":"wp","href":"https:\/\/api.w.org\/{rel}","templated":true}]}}